{"id":6,"date":"2021-03-19T08:53:20","date_gmt":"2021-03-19T08:53:20","guid":{"rendered":"https:\/\/host-113779.webhosting.magentabusiness.at\/wordpress\/?page_id=6"},"modified":"2021-04-09T11:21:33","modified_gmt":"2021-04-09T11:21:33","slug":"about","status":"publish","type":"page","link":"https:\/\/tribuene.at\/","title":{"rendered":"about"},"content":{"rendered":"\n<h2 class=\"has-text-color wp-block-heading\" style=\"color:#ea0a8e\"><strong>Kulturverein Trib\u00fcne<\/strong><\/h2>\n\n\n\n<div class=\"wp-block-columns is-layout-flex wp-container-core-columns-is-layout-9d6595d7 wp-block-columns-is-layout-flex\">\n<div class=\"wp-block-column is-layout-flow wp-block-column-is-layout-flow\" style=\"flex-basis:100%\">\n<p><strong>Der kulturelle Nahversorger<\/strong><\/p>\n<\/div>\n<\/div>\n\n\n\n<p class=\"has-text-align-left\">Schon 1986 taten sich einige junge engagierte und motivierte Leute zusammen und gr\u00fcndeten einen kleinen Kulturverein im Herzen von St. Georgen an der Gusen &#8211; den Kulturverein Trib\u00fcne. <\/p>\n\n\n\n<p class=\"has-text-align-left\">Wichtig ist uns, die F\u00f6rderung von Kleinkunst und das Vorankommen regionaler K\u00fcnstler:innen, sowie die St\u00e4rkung des sozialen Gef\u00fcges im l\u00e4ndlichen Raum. <\/p>\n\n\n\n<p class=\"has-text-align-left\">Leerstand-Nutzung, eine Ortskernbelebung, sowie das Revitalisieren von bestehendem Wohn- bzw. Nutzraum ist uns ein ganz besonderes Anliegen. <\/p>\n\n\n\n<p>Die Trib\u00fcne versteht sich als Kulturvermittler:in, welche kulturelles Angebot schafft und sich nicht an Profit orientiert. Wir sprechen uns f\u00fcr zeitgen\u00f6ssische, freie und autonome Kulturarbeit aus.<\/p>\n\n\n\n<p>Wir sind nicht parteipolitisch, beziehen aber durchaus Stellung zu kultur- und gesellschaftspolitischen Themen. Im Sinne einer solidarischen Kulturarbeit nehmen wir die Interessen von benachteiligten Menschen und Minderheiten in der Kulturszene wahr und treten f\u00fcr die Freiheit der Kunst und Toleranz gegen\u00fcber Andersdenkenden und alternativen Lebensformen ein.<\/p>\n","protected":false},"excerpt":{"rendered":"<p>Kulturverein Trib\u00fcne Der kulturelle Nahversorger Schon 1986 taten sich einige junge engagierte und motivierte Leute zusammen und gr\u00fcndeten einen kleinen Kulturverein im Herzen von St. Georgen an der Gusen &#8211; den Kulturverein Trib\u00fcne. Wichtig ist uns, die F\u00f6rderung von Kleinkunst und das Vorankommen regionaler K\u00fcnstler:innen, sowie die St\u00e4rkung des sozialen Gef\u00fcges im l\u00e4ndlichen Raum. Leerstand-Nutzung, &hellip; <\/p>\n<p class=\"link-more\"><a href=\"https:\/\/tribuene.at\/\" class=\"more-link\"><span class=\"screen-reader-text\">\u201eabout\u201c<\/span> weiterlesen<\/a><\/p>\n","protected":false},"author":1,"featured_media":0,"parent":0,"menu_order":0,"comment_status":"closed","ping_status":"closed","template":"","meta":{"footnotes":""},"class_list":["post-6","page","type-page","status-publish","hentry"],"_links":{"self":[{"href":"https:\/\/tribuene.at\/index.php?rest_route=\/wp\/v2\/pages\/6","targetHints":{"allow":["GET"]}}],"collection":[{"href":"https:\/\/tribuene.at\/index.php?rest_route=\/wp\/v2\/pages"}],"about":[{"href":"https:\/\/tribuene.at\/index.php?rest_route=\/wp\/v2\/types\/page"}],"author":[{"embeddable":true,"href":"https:\/\/tribuene.at\/index.php?rest_route=\/wp\/v2\/users\/1"}],"replies":[{"embeddable":true,"href":"https:\/\/tribuene.at\/index.php?rest_route=%2Fwp%2Fv2%2Fcomments&post=6"}],"version-history":[{"count":6,"href":"https:\/\/tribuene.at\/index.php?rest_route=\/wp\/v2\/pages\/6\/revisions"}],"predecessor-version":[{"id":200,"href":"https:\/\/tribuene.at\/index.php?rest_route=\/wp\/v2\/pages\/6\/revisions\/200"}],"wp:attachment":[{"href":"https:\/\/tribuene.at\/index.php?rest_route=%2Fwp%2Fv2%2Fmedia&parent=6"}],"curies":[{"name":"wp","href":"https:\/\/api.w.org\/{rel}","templated":true}]}}